{"id":35,"date":"2024-06-14T14:13:09","date_gmt":"2024-06-14T12:13:09","guid":{"rendered":"http:\/\/127.0.0.1:8080\/?page_id=35"},"modified":"2024-06-24T11:09:07","modified_gmt":"2024-06-24T09:09:07","slug":"technik","status":"publish","type":"page","link":"https:\/\/www.brunnenbau-riedel.de\/?page_id=35","title":{"rendered":"Technik"},"content":{"rendered":"\n<div class=\"wp-block-group alignfull has-global-padding is-layout-constrained wp-container-core-group-is-layout-490fa1db wp-block-group-is-layout-constrained\" style=\"padding-top:var(--wp--preset--spacing--50);padding-right:var(--wp--preset--spacing--50);padding-bottom:var(--wp--preset--spacing--50);padding-left:var(--wp--preset--spacing--50)\">\n<div class=\"wp-block-group has-global-padding is-layout-constrained wp-container-core-group-is-layout-650790e1 wp-block-group-is-layout-constrained\">\n<h1 class=\"wp-block-heading has-text-align-center has-x-large-font-size\">Brunnenbau im Sp\u00fclbohrverfahren<\/h1>\n\n\n\n<div style=\"height:1.25rem\" aria-hidden=\"true\" class=\"wp-block-spacer\"><\/div>\n\n\n\n<p class=\"has-text-align-center\">Das Sp\u00fclbohrverfahren kommt zum Einsatz f\u00fcr Brunnen mit geringem Entnahme Bedarf, wie z.B. Brunnen f\u00fcr die Garten Bew\u00e4sserung oder f\u00fcr die Verwendung f\u00fcr eine W\u00e4rmepumpe.<br>Wichtig zu beachten ist, dass der Grundwasserstand nicht tiefer als 8 Meter unterhalb des Gel\u00e4ndes bzw. der verwendeten Pumpe liegen darf, da sonst die maximale Ansaugh\u00f6he handels\u00fcblicher Pumpen \u00fcberschritten wird.<br><br>Bei dem Verfahren wird Wasser mittels einer leistungsstarken Schmutzwasserpumpe mit hohem Druck an das offene Ende des Drehbohrmei\u00dfels gepumpt. Dieser sorgt bei gleichzeitiger Drehbewegung daf\u00fcr, dass sich Sand \/ Kies aus dem Boden l\u00f6sen und nach oben gesp\u00fclt \/ gef\u00f6rdert werden.<br>Dem Bohrwasser wird zus\u00e4tzlich ein Zusatz beigemengt wie z.B. Bentonit um die Viskosit\u00e4t zu erh\u00f6hen, was dabei die F\u00f6rderung des Bohrguts verbessert,<br>Das gef\u00f6rderte Bohrgut und Wasser flie\u00dfen dann in ein R\u00fcckhaltebecken ab, wo es sich auf dem Boden sedimentiert und das Wasser erneut von der Pumpe angesaugt wird.<\/p>\n\n\n\n<p class=\"has-text-align-center\"><br>Um das Bohrloch w\u00e4hrend der Bohrung vor dem &#8222;Zusammenbrechen&#8220; zu sch\u00fctzen, werden ggf. Rohre eingebracht, um das Bohrloch zu stabilisieren.<\/p>\n\n\n\n<div style=\"height:0px\" aria-hidden=\"true\" class=\"wp-block-spacer\"><\/div>\n<\/div>\n\n\n\n<figure class=\"wp-block-gallery has-nested-images columns-default is-cropped wp-block-gallery-1 is-layout-flex wp-block-gallery-is-layout-flex\">\n<figure class=\"wp-block-image size-large\"><img loading=\"lazy\" decoding=\"async\" width=\"1024\" height=\"768\" data-id=\"132\" src=\"https:\/\/brunnenbau-riedel.de\/wp-content\/uploads\/2024\/06\/WhatsApp-Image-2024-06-18-at-14.11.01-1024x768.jpeg\" alt=\"\" class=\"wp-image-132\" srcset=\"https:\/\/www.brunnenbau-riedel.de\/wp-content\/uploads\/2024\/06\/WhatsApp-Image-2024-06-18-at-14.11.01-1024x768.jpeg 1024w, https:\/\/www.brunnenbau-riedel.de\/wp-content\/uploads\/2024\/06\/WhatsApp-Image-2024-06-18-at-14.11.01-300x225.jpeg 300w, https:\/\/www.brunnenbau-riedel.de\/wp-content\/uploads\/2024\/06\/WhatsApp-Image-2024-06-18-at-14.11.01-768x576.jpeg 768w, https:\/\/www.brunnenbau-riedel.de\/wp-content\/uploads\/2024\/06\/WhatsApp-Image-2024-06-18-at-14.11.01-1536x1152.jpeg 1536w, https:\/\/www.brunnenbau-riedel.de\/wp-content\/uploads\/2024\/06\/WhatsApp-Image-2024-06-18-at-14.11.01.jpeg 2048w\" sizes=\"auto, (max-width: 1024px) 100vw, 1024px\" \/><\/figure>\n\n\n\n<figure class=\"wp-block-image size-large\"><img loading=\"lazy\" decoding=\"async\" width=\"768\" height=\"1024\" data-id=\"134\" src=\"https:\/\/brunnenbau-riedel.de\/wp-content\/uploads\/2024\/06\/WhatsApp-Image-2024-06-18-at-14.10.38-3-768x1024.jpeg\" alt=\"\" class=\"wp-image-134\" srcset=\"https:\/\/www.brunnenbau-riedel.de\/wp-content\/uploads\/2024\/06\/WhatsApp-Image-2024-06-18-at-14.10.38-3-768x1024.jpeg 768w, https:\/\/www.brunnenbau-riedel.de\/wp-content\/uploads\/2024\/06\/WhatsApp-Image-2024-06-18-at-14.10.38-3-225x300.jpeg 225w, https:\/\/www.brunnenbau-riedel.de\/wp-content\/uploads\/2024\/06\/WhatsApp-Image-2024-06-18-at-14.10.38-3-1152x1536.jpeg 1152w, https:\/\/www.brunnenbau-riedel.de\/wp-content\/uploads\/2024\/06\/WhatsApp-Image-2024-06-18-at-14.10.38-3.jpeg 1536w\" sizes=\"auto, (max-width: 768px) 100vw, 768px\" \/><\/figure>\n\n\n\n<figure class=\"wp-block-image size-large\"><img loading=\"lazy\" decoding=\"async\" width=\"768\" height=\"1024\" data-id=\"136\" src=\"https:\/\/brunnenbau-riedel.de\/wp-content\/uploads\/2024\/06\/WhatsApp-Image-2024-06-18-at-14.10.38-2-768x1024.jpeg\" alt=\"\" class=\"wp-image-136\" srcset=\"https:\/\/www.brunnenbau-riedel.de\/wp-content\/uploads\/2024\/06\/WhatsApp-Image-2024-06-18-at-14.10.38-2-768x1024.jpeg 768w, https:\/\/www.brunnenbau-riedel.de\/wp-content\/uploads\/2024\/06\/WhatsApp-Image-2024-06-18-at-14.10.38-2-225x300.jpeg 225w, https:\/\/www.brunnenbau-riedel.de\/wp-content\/uploads\/2024\/06\/WhatsApp-Image-2024-06-18-at-14.10.38-2-1152x1536.jpeg 1152w, https:\/\/www.brunnenbau-riedel.de\/wp-content\/uploads\/2024\/06\/WhatsApp-Image-2024-06-18-at-14.10.38-2.jpeg 1536w\" sizes=\"auto, (max-width: 768px) 100vw, 768px\" \/><\/figure>\n\n\n\n<figure class=\"wp-block-image size-large\"><img loading=\"lazy\" decoding=\"async\" width=\"768\" height=\"1024\" data-id=\"135\" src=\"https:\/\/brunnenbau-riedel.de\/wp-content\/uploads\/2024\/06\/WhatsApp-Image-2024-06-18-at-14.10.38-1-768x1024.jpeg\" alt=\"\" class=\"wp-image-135\" srcset=\"https:\/\/www.brunnenbau-riedel.de\/wp-content\/uploads\/2024\/06\/WhatsApp-Image-2024-06-18-at-14.10.38-1-768x1024.jpeg 768w, https:\/\/www.brunnenbau-riedel.de\/wp-content\/uploads\/2024\/06\/WhatsApp-Image-2024-06-18-at-14.10.38-1-225x300.jpeg 225w, https:\/\/www.brunnenbau-riedel.de\/wp-content\/uploads\/2024\/06\/WhatsApp-Image-2024-06-18-at-14.10.38-1-1152x1536.jpeg 1152w, https:\/\/www.brunnenbau-riedel.de\/wp-content\/uploads\/2024\/06\/WhatsApp-Image-2024-06-18-at-14.10.38-1.jpeg 1536w\" sizes=\"auto, (max-width: 768px) 100vw, 768px\" \/><\/figure>\n\n\n\n<figure class=\"wp-block-image size-large\"><img loading=\"lazy\" decoding=\"async\" width=\"768\" height=\"1024\" data-id=\"133\" src=\"https:\/\/brunnenbau-riedel.de\/wp-content\/uploads\/2024\/06\/WhatsApp-Image-2024-06-18-at-14.10.38-768x1024.jpeg\" alt=\"\" class=\"wp-image-133\" srcset=\"https:\/\/www.brunnenbau-riedel.de\/wp-content\/uploads\/2024\/06\/WhatsApp-Image-2024-06-18-at-14.10.38-768x1024.jpeg 768w, https:\/\/www.brunnenbau-riedel.de\/wp-content\/uploads\/2024\/06\/WhatsApp-Image-2024-06-18-at-14.10.38-225x300.jpeg 225w, https:\/\/www.brunnenbau-riedel.de\/wp-content\/uploads\/2024\/06\/WhatsApp-Image-2024-06-18-at-14.10.38-1152x1536.jpeg 1152w, https:\/\/www.brunnenbau-riedel.de\/wp-content\/uploads\/2024\/06\/WhatsApp-Image-2024-06-18-at-14.10.38.jpeg 1536w\" sizes=\"auto, (max-width: 768px) 100vw, 768px\" \/><\/figure>\n<\/figure>\n\n\n\n<div style=\"height:var(--wp--preset--spacing--30)\" aria-hidden=\"true\" class=\"wp-block-spacer\"><\/div>\n\n\n\n<p>Sobald die gew\u00fcnschte Tiefe erreicht ist, wird ein feinmaschiger Filter in das Bohrloch eingesetzt, welcher bereits an der Saugleitung montiert ist.<br>An dieser Leitung kann anschlie\u00dfend eine manuelle Schwengelpumpe oder elektronische Kreiselpumpe angeschlossen werden.<br><br>Um den Filter vor vorzeitiger Alterung und gegen &#8222;Versandung&#8220; zu sch\u00fctzen, wird der Ringraum um den Filter mit einer Sch\u00fcttung aus Kies versehen.<\/p>\n\n\n\n<figure class=\"wp-block-image size-full\"><img loading=\"lazy\" decoding=\"async\" width=\"1024\" height=\"512\" src=\"https:\/\/brunnenbau-riedel.de\/wp-content\/uploads\/2024\/06\/38037403bt.jpg\" alt=\"\" class=\"wp-image-98\" srcset=\"https:\/\/www.brunnenbau-riedel.de\/wp-content\/uploads\/2024\/06\/38037403bt.jpg 1024w, https:\/\/www.brunnenbau-riedel.de\/wp-content\/uploads\/2024\/06\/38037403bt-300x150.jpg 300w, https:\/\/www.brunnenbau-riedel.de\/wp-content\/uploads\/2024\/06\/38037403bt-768x384.jpg 768w\" sizes=\"auto, (max-width: 1024px) 100vw, 1024px\" \/><\/figure>\n\n\n\n<figure class=\"wp-block-image size-full\"><img loading=\"lazy\" decoding=\"async\" width=\"779\" height=\"584\" src=\"https:\/\/brunnenbau-riedel.de\/wp-content\/uploads\/2024\/06\/image1.jpg\" alt=\"\" class=\"wp-image-99\" srcset=\"https:\/\/www.brunnenbau-riedel.de\/wp-content\/uploads\/2024\/06\/image1.jpg 779w, https:\/\/www.brunnenbau-riedel.de\/wp-content\/uploads\/2024\/06\/image1-300x225.jpg 300w, https:\/\/www.brunnenbau-riedel.de\/wp-content\/uploads\/2024\/06\/image1-768x576.jpg 768w\" sizes=\"auto, (max-width: 779px) 100vw, 779px\" \/><\/figure>\n\n\n\n<p><strong>Wichtig:<\/strong> Um die Pumpe von \u00e4u\u00dferen Wetter Einfl\u00fcssen zu sch\u00fctzen, empfiehlt es sich, diese in einem gesch\u00fctzten Bereich wie z.B. Carport oder Garage aufzustellen und die Saugleitung dorthin gehend zu verlegen.<br><br>Alternativ kann die Pumpe auch in so genannten &#8222;Brunnenstuben&#8220; bzw. &#8222;Pumpenh\u00e4usern&#8220; untergebracht werden.<br><\/p>\n\n\n\n<figure class=\"wp-block-image size-full\"><img loading=\"lazy\" decoding=\"async\" width=\"1024\" height=\"813\" src=\"https:\/\/brunnenbau-riedel.de\/wp-content\/uploads\/2024\/06\/Bildschirmfoto-2024-06-17-um-15.46.41.png\" alt=\"\" class=\"wp-image-103\" srcset=\"https:\/\/www.brunnenbau-riedel.de\/wp-content\/uploads\/2024\/06\/Bildschirmfoto-2024-06-17-um-15.46.41.png 1024w, https:\/\/www.brunnenbau-riedel.de\/wp-content\/uploads\/2024\/06\/Bildschirmfoto-2024-06-17-um-15.46.41-300x238.png 300w, https:\/\/www.brunnenbau-riedel.de\/wp-content\/uploads\/2024\/06\/Bildschirmfoto-2024-06-17-um-15.46.41-768x610.png 768w\" sizes=\"auto, (max-width: 1024px) 100vw, 1024px\" \/><\/figure>\n\n\n\n<figure class=\"wp-block-image size-full\"><img loading=\"lazy\" decoding=\"async\" width=\"1536\" height=\"2048\" src=\"https:\/\/www.brunnenbau-riedel.de\/wp-content\/uploads\/2024\/06\/WhatsApp-Image-2024-06-24-at-11.08.23.jpeg\" alt=\"\" class=\"wp-image-157\" srcset=\"https:\/\/www.brunnenbau-riedel.de\/wp-content\/uploads\/2024\/06\/WhatsApp-Image-2024-06-24-at-11.08.23.jpeg 1536w, https:\/\/www.brunnenbau-riedel.de\/wp-content\/uploads\/2024\/06\/WhatsApp-Image-2024-06-24-at-11.08.23-225x300.jpeg 225w, https:\/\/www.brunnenbau-riedel.de\/wp-content\/uploads\/2024\/06\/WhatsApp-Image-2024-06-24-at-11.08.23-768x1024.jpeg 768w, https:\/\/www.brunnenbau-riedel.de\/wp-content\/uploads\/2024\/06\/WhatsApp-Image-2024-06-24-at-11.08.23-1152x1536.jpeg 1152w\" sizes=\"auto, (max-width: 1536px) 100vw, 1536px\" \/><\/figure>\n\n\n\n<h2 class=\"wp-block-heading\">Vorteile des Sp\u00fclbohrverfahrens<\/h2>\n\n\n\n<p>Brunnen k\u00f6nnen mittels Sp\u00fclbohrverfahren relativ preiswert errichtet werden, da keine gr\u00f6\u00dferen Werkzeuge und Maschinen ben\u00f6tigt werden und der Zeitaufwand gering ausf\u00e4llt.<br>Auch das Installations Material und die verwendeten Pumpen liegen in einem anderen Preis Bereich, als bei einem Bohrbrunnen.<\/p>\n\n\n\n<p><\/p>\n<\/div>\n","protected":false},"excerpt":{"rendered":"<p>Brunnenbau im Sp\u00fclbohrverfahren Das Sp\u00fclbohrverfahren kommt zum Einsatz f\u00fcr Brunnen mit geringem Entnahme Bedarf, wie z.B. Brunnen f\u00fcr die Garten Bew\u00e4sserung oder f\u00fcr die Verwendung f\u00fcr eine W\u00e4rmepumpe.Wichtig zu beachten ist, dass der Grundwasserstand nicht tiefer als 8 Meter unterhalb des Gel\u00e4ndes bzw. der verwendeten Pumpe liegen darf, da sonst die maximale Ansaugh\u00f6he handels\u00fcblicher Pumpen [&hellip;]<\/p>\n","protected":false},"author":1,"featured_media":0,"parent":0,"menu_order":0,"comment_status":"closed","ping_status":"closed","template":"","meta":{"footnotes":""},"class_list":["post-35","page","type-page","status-publish","hentry"],"_links":{"self":[{"href":"https:\/\/www.brunnenbau-riedel.de\/index.php?rest_route=\/wp\/v2\/pages\/35","targetHints":{"allow":["GET"]}}],"collection":[{"href":"https:\/\/www.brunnenbau-riedel.de\/index.php?rest_route=\/wp\/v2\/pages"}],"about":[{"href":"https:\/\/www.brunnenbau-riedel.de\/index.php?rest_route=\/wp\/v2\/types\/page"}],"author":[{"embeddable":true,"href":"https:\/\/www.brunnenbau-riedel.de\/index.php?rest_route=\/wp\/v2\/users\/1"}],"replies":[{"embeddable":true,"href":"https:\/\/www.brunnenbau-riedel.de\/index.php?rest_route=%2Fwp%2Fv2%2Fcomments&post=35"}],"version-history":[{"count":17,"href":"https:\/\/www.brunnenbau-riedel.de\/index.php?rest_route=\/wp\/v2\/pages\/35\/revisions"}],"predecessor-version":[{"id":158,"href":"https:\/\/www.brunnenbau-riedel.de\/index.php?rest_route=\/wp\/v2\/pages\/35\/revisions\/158"}],"wp:attachment":[{"href":"https:\/\/www.brunnenbau-riedel.de\/index.php?rest_route=%2Fwp%2Fv2%2Fmedia&parent=35"}],"curies":[{"name":"wp","href":"https:\/\/api.w.org\/{rel}","templated":true}]}}