{"id":37,"date":"2024-06-14T14:16:15","date_gmt":"2024-06-14T12:16:15","guid":{"rendered":"http:\/\/127.0.0.1:8080\/?page_id=37"},"modified":"2024-06-20T12:14:24","modified_gmt":"2024-06-20T10:14:24","slug":"unternehmen","status":"publish","type":"page","link":"https:\/\/www.brunnenbau-riedel.de\/?page_id=37","title":{"rendered":"Unternehmen"},"content":{"rendered":"\n<div class=\"wp-block-group alignfull has-accent-background-color has-background has-global-padding is-layout-constrained wp-container-core-group-is-layout-669513ed wp-block-group-is-layout-constrained\" style=\"margin-top:0;margin-bottom:0;padding-top:var(--wp--preset--spacing--50);padding-right:var(--wp--preset--spacing--50);padding-bottom:var(--wp--preset--spacing--50);padding-left:var(--wp--preset--spacing--50)\">\n<div class=\"wp-block-columns alignwide is-layout-flex wp-container-core-columns-is-layout-1da03c2a wp-block-columns-is-layout-flex\">\n<div class=\"wp-block-column is-vertically-aligned-stretch is-layout-flow wp-block-column-is-layout-flow\" style=\"flex-basis:50%\">\n<div class=\"wp-block-group is-vertical is-content-justification-stretch is-layout-flex wp-container-core-group-is-layout-444d5ee8 wp-block-group-is-layout-flex\" style=\"min-height:100%\">\n<p><strong>Meisterbetrieb Siegfried Riedel <\/strong>errichtet seit 40 Jahren Sanit\u00e4r- und Brunnentechnik und bietet Leistungen in folgenden Bereich an:<\/p>\n\n\n\n<ul class=\"wp-block-list\">\n<li>Brunnenbau<\/li>\n\n\n\n<li>Erdw\u00e4rme \/ W\u00e4rmepumpe<\/li>\n\n\n\n<li>Bew\u00e4sserung \/ Beregnungsanlagen<\/li>\n\n\n\n<li>Pumpentechnik<\/li>\n\n\n\n<li>Sp\u00fclbohrverfahren<\/li>\n<\/ul>\n\n\n\n<p><strong>Unser Ziel<\/strong><br>Die Errichtung von geeigneten Brunnen f\u00fcr die Bew\u00e4sserung von Gartenanlagen und f\u00fcr den Betrieb von W\u00e4rmepumpen, in Hinsicht auf eine gute Umwelt Vertr\u00e4glichkeit und einem fairen finanziellen Rahmen.<\/p>\n<\/div>\n<\/div>\n\n\n\n<div class=\"wp-block-column is-vertically-aligned-center is-layout-flow wp-block-column-is-layout-flow\" style=\"flex-basis:50%\">\n<figure class=\"wp-block-image size-full\"><img loading=\"lazy\" decoding=\"async\" width=\"200\" height=\"79\" src=\"https:\/\/brunnenbau-riedel.de\/wp-content\/uploads\/2024\/06\/Image_11-2.jpg\" alt=\"\" class=\"wp-image-79\"\/><\/figure>\n<\/div>\n<\/div>\n<\/div>\n\n\n\n<div class=\"wp-block-group alignfull has-global-padding is-layout-constrained wp-container-core-group-is-layout-669513ed wp-block-group-is-layout-constrained\" style=\"margin-top:0;margin-bottom:0;padding-top:var(--wp--preset--spacing--50);padding-right:var(--wp--preset--spacing--50);padding-bottom:var(--wp--preset--spacing--50);padding-left:var(--wp--preset--spacing--50)\">\n<div class=\"wp-block-group is-vertical is-content-justification-center is-layout-flex wp-container-core-group-is-layout-ce155fab wp-block-group-is-layout-flex\">\n<p><\/p>\n\n\n\n<div class=\"wp-block-group is-vertical is-layout-flex wp-container-core-group-is-layout-fe9cc265 wp-block-group-is-layout-flex\">\n<figure class=\"wp-block-image size-full is-style-rounded is-style-rounded--1\"><img loading=\"lazy\" decoding=\"async\" width=\"328\" height=\"294\" src=\"https:\/\/brunnenbau-riedel.de\/wp-content\/uploads\/2024\/06\/Bildschirmfoto-2024-06-14-um-15.59.09.png\" alt=\"\" class=\"wp-image-55\" srcset=\"https:\/\/www.brunnenbau-riedel.de\/wp-content\/uploads\/2024\/06\/Bildschirmfoto-2024-06-14-um-15.59.09.png 328w, https:\/\/www.brunnenbau-riedel.de\/wp-content\/uploads\/2024\/06\/Bildschirmfoto-2024-06-14-um-15.59.09-300x269.png 300w\" sizes=\"auto, (max-width: 328px) 100vw, 328px\" \/><\/figure>\n<\/div>\n\n\n\n<p class=\"has-text-align-center has-small-font-size\"><strong>Siegfried Riedel<\/strong><\/p>\n\n\n\n<p class=\"has-text-align-center has-small-font-size\">Gr\u00fcnder, Gesch\u00e4ftsf\u00fchrer<\/p>\n<\/div>\n<\/div>\n","protected":false},"excerpt":{"rendered":"<p>Meisterbetrieb Siegfried Riedel errichtet seit 40 Jahren Sanit\u00e4r- und Brunnentechnik und bietet Leistungen in folgenden Bereich an: Unser ZielDie Errichtung von geeigneten Brunnen f\u00fcr die Bew\u00e4sserung von Gartenanlagen und f\u00fcr den Betrieb von W\u00e4rmepumpen, in Hinsicht auf eine gute Umwelt Vertr\u00e4glichkeit und einem fairen finanziellen Rahmen. Siegfried Riedel Gr\u00fcnder, Gesch\u00e4ftsf\u00fchrer<\/p>\n","protected":false},"author":1,"featured_media":0,"parent":0,"menu_order":0,"comment_status":"closed","ping_status":"closed","template":"","meta":{"footnotes":""},"class_list":["post-37","page","type-page","status-publish","hentry"],"_links":{"self":[{"href":"https:\/\/www.brunnenbau-riedel.de\/index.php?rest_route=\/wp\/v2\/pages\/37","targetHints":{"allow":["GET"]}}],"collection":[{"href":"https:\/\/www.brunnenbau-riedel.de\/index.php?rest_route=\/wp\/v2\/pages"}],"about":[{"href":"https:\/\/www.brunnenbau-riedel.de\/index.php?rest_route=\/wp\/v2\/types\/page"}],"author":[{"embeddable":true,"href":"https:\/\/www.brunnenbau-riedel.de\/index.php?rest_route=\/wp\/v2\/users\/1"}],"replies":[{"embeddable":true,"href":"https:\/\/www.brunnenbau-riedel.de\/index.php?rest_route=%2Fwp%2Fv2%2Fcomments&post=37"}],"version-history":[{"count":10,"href":"https:\/\/www.brunnenbau-riedel.de\/index.php?rest_route=\/wp\/v2\/pages\/37\/revisions"}],"predecessor-version":[{"id":141,"href":"https:\/\/www.brunnenbau-riedel.de\/index.php?rest_route=\/wp\/v2\/pages\/37\/revisions\/141"}],"wp:attachment":[{"href":"https:\/\/www.brunnenbau-riedel.de\/index.php?rest_route=%2Fwp%2Fv2%2Fmedia&parent=37"}],"curies":[{"name":"wp","href":"https:\/\/api.w.org\/{rel}","templated":true}]}}