{"id":45,"date":"2024-06-14T14:46:13","date_gmt":"2024-06-14T12:46:13","guid":{"rendered":"http:\/\/127.0.0.1:8080\/?page_id=45"},"modified":"2024-08-28T09:24:08","modified_gmt":"2024-08-28T07:24:08","slug":"haeufig-gestellte-fragen","status":"publish","type":"page","link":"https:\/\/www.brunnenbau-riedel.de\/?page_id=45","title":{"rendered":"H\u00e4ufig gestellte Fragen"},"content":{"rendered":"\n<div class=\"wp-block-group alignfull has-base-color has-contrast-background-color has-text-color has-background has-link-color wp-elements-97271bae86e083bf92b50de67fbbda61 has-global-padding is-layout-constrained wp-container-core-group-is-layout-d89aad35 wp-block-group-is-layout-constrained\" style=\"margin-top:0;margin-bottom:0;padding-top:var(--wp--preset--spacing--50);padding-right:var(--wp--preset--spacing--50);padding-bottom:var(--wp--preset--spacing--50);padding-left:var(--wp--preset--spacing--50)\">\n<div class=\"wp-block-group alignwide is-layout-flow wp-block-group-is-layout-flow\">\n<details class=\"wp-block-details is-style-arrow-icon-details has-medium-font-size is-layout-flow wp-block-details-is-layout-flow\" style=\"border-top-style:none;border-top-width:0px;border-right-style:none;border-right-width:0px;border-bottom-color:var(--wp--preset--color--base);border-bottom-style:solid;border-bottom-width:1px;border-left-style:none;border-left-width:0px;margin-top:0\"><summary>Welche Unterlagen ben\u00f6tige ich f\u00fcr die Genehmigung eines Brunnens?<\/summary>\n<p class=\"has-contrast-1-color has-text-color has-link-color wp-elements-2c8e7d7d3a00230e8299c3f5db0e0ba0\">Die Auflagen und Unterlagen sind von Landkreis und Bundesland abh\u00e4ngig. Wir helfen Ihnen gerne die richtigen Ansprechpartner zu finden.<\/p>\n\n\n\n<p><\/p>\n<\/details>\n\n\n\n<details class=\"wp-block-details is-style-arrow-icon-details has-medium-font-size is-layout-flow wp-block-details-is-layout-flow\" style=\"border-top-style:none;border-top-width:0px;border-right-style:none;border-right-width:0px;border-bottom-color:var(--wp--preset--color--base);border-bottom-style:solid;border-bottom-width:1px;border-left-style:none;border-left-width:0px;margin-top:0\"><summary>Kann ich das Brunnen Wasser zum Trinken verwenden?<\/summary>\n<p class=\"has-contrast-1-color has-text-color has-link-color wp-elements-a51cdb59046c185405bdf0f689bbe4cb\">Brunnen sind in der Regel f\u00fcr einen bestimmen Anwendungszweck errichtet worden. Die Auflagen und Anforderungen an einen Brunnen f\u00fcr die Trinkwasser Nutzung k\u00f6nnen Sie mit Ihrem Brunnenbauer kl\u00e4ren.<\/p>\n<\/details>\n\n\n\n<details class=\"wp-block-details is-layout-flow wp-block-details-is-layout-flow\"><summary>Kann ich das Brunnen Wasser zum Bef\u00fcllen eines Pool verwenden?<\/summary>\n<p>In der Regel kann das Wasser aus dem Brunnen auch zum Bef\u00fcllen eines Pools verwendet werden. Wichtig hierbei zu beachten ist, dass dieser Anwendungsfall der ggf. bei dem zust\u00e4ndigen Gesundheitsamt angemeldet werden muss laut Trinkwasserverordnung.<br>Wichtig zu beachten ist, dass Wasser aus dem Brunnen in der Regel auf Belastung von Keimen und anderen Schadstoffen untersucht werden sollte, damit das Wasser entsprechend aufbereitet werden kann, damit dieses zum Baden geeignet ist.<br>Dazu wenden Sie sich bitte an den Ansprechpartner Ihrer Pool bzw. Filteranlage.<\/p>\n<\/details>\n\n\n\n<hr class=\"wp-block-separator has-text-color has-base-color has-alpha-channel-opacity has-base-background-color has-background is-style-wide\"\/>\n\n\n\n<details class=\"wp-block-details is-style-arrow-icon-details has-medium-font-size is-layout-flow wp-block-details-is-layout-flow\" style=\"border-top-style:none;border-top-width:0px;border-right-style:none;border-right-width:0px;border-bottom-color:var(--wp--preset--color--base);border-bottom-style:solid;border-bottom-width:1px;border-left-style:none;border-left-width:0px;margin-top:0\"><summary>Bedarf ein Brunnen einer Wartung?<\/summary>\n<p class=\"has-contrast-1-color has-text-color has-link-color wp-elements-b24872cd1a5f0ab2f295b206334df4f4\">Die Wartung eines Brunnens und dessen Pumpentechnik ist abh\u00e4ngig von der Bauweise \/ Errichtung. Bitte kontaktieren Sie Ihren Brunnenbauer, damit er Sie dahin gehend umfassend beraten kann.<\/p>\n<\/details>\n\n\n\n<details class=\"wp-block-details is-style-arrow-icon-details has-medium-font-size is-layout-flow wp-block-details-is-layout-flow\" style=\"border-top-style:none;border-top-width:0px;border-right-style:none;border-right-width:0px;border-bottom-color:var(--wp--preset--color--base);border-bottom-style:solid;border-bottom-width:1px;border-left-style:none;border-left-width:0px;margin-top:0\"><summary>Ist mein Grundst\u00fcck geeignet um einen Brunnen zu bauen?<\/summary>\n<p class=\"has-contrast-1-color has-text-color has-link-color wp-elements-5456c582b5e170b9c491861d900ad4bd\">Diese Frage ist in der Regel ohne eine Untersuchung der Bodenbeschaffenheit und Kl\u00e4rung des Verwendungszweckes schwierig zu beantworten. Sie k\u00f6nnen das zust\u00e4ndige Landesamt f\u00fcr Bergbau, Energie und Geologie (LBEG) kontaktieren, wenn es um Fragen um die Bodenbeschaffenheit \/ Grundwasserstand geht. <a href=\"https:\/\/www.lbeg.niedersachsen.de\/startseite\/\">https:\/\/www.lbeg.niedersachsen.de<\/a><\/p>\n<\/details>\n\n\n\n<details class=\"wp-block-details is-layout-flow wp-block-details-is-layout-flow\"><summary>Wo kann ich mehr \u00fcber das Thema Grundwasser \/ Wasser erfahren?<\/summary>\n<p>Das Umwelt Bundesamt ist Ansprechpartner, wenn es um allgemeine Informationen zu dem Grundwasser Vorkommen in Deutschland geht. <a href=\"https:\/\/www.umweltbundesamt.de\/themen\/wasser\/grundwasser\">https:\/\/www.umweltbundesamt.de\/themen\/wasser\/grundwasser<\/a><br><br>Wenn um das Thema <strong>Wasserschutz<\/strong> und <strong>Wasser Analyse<\/strong> geht, k\u00f6nnen wir Ihnen folgenden Ansprechpartner vorstellen.<br><a href=\"https:\/\/vsr-gewaesserschutz.de\">https:\/\/vsr-gewaesserschutz.de<\/a><\/p>\n\n\n\n<p><\/p>\n<\/details>\n\n\n\n<div style=\"margin-top:var(--wp--preset--spacing--10);margin-bottom:0;height:0px\" aria-hidden=\"true\" class=\"wp-block-spacer\"><\/div>\n<\/div>\n<\/div>\n\n\n\n<div class=\"wp-block-group alignfull has-global-padding is-layout-constrained wp-container-core-group-is-layout-d89aad35 wp-block-group-is-layout-constrained\" style=\"margin-top:0;margin-bottom:0;padding-top:var(--wp--preset--spacing--50);padding-right:var(--wp--preset--spacing--50);padding-bottom:var(--wp--preset--spacing--50);padding-left:var(--wp--preset--spacing--50)\"><\/div>\n","protected":false},"excerpt":{"rendered":"","protected":false},"author":1,"featured_media":0,"parent":0,"menu_order":0,"comment_status":"closed","ping_status":"closed","template":"","meta":{"footnotes":""},"class_list":["post-45","page","type-page","status-publish","hentry"],"_links":{"self":[{"href":"https:\/\/www.brunnenbau-riedel.de\/index.php?rest_route=\/wp\/v2\/pages\/45","targetHints":{"allow":["GET"]}}],"collection":[{"href":"https:\/\/www.brunnenbau-riedel.de\/index.php?rest_route=\/wp\/v2\/pages"}],"about":[{"href":"https:\/\/www.brunnenbau-riedel.de\/index.php?rest_route=\/wp\/v2\/types\/page"}],"author":[{"embeddable":true,"href":"https:\/\/www.brunnenbau-riedel.de\/index.php?rest_route=\/wp\/v2\/users\/1"}],"replies":[{"embeddable":true,"href":"https:\/\/www.brunnenbau-riedel.de\/index.php?rest_route=%2Fwp%2Fv2%2Fcomments&post=45"}],"version-history":[{"count":18,"href":"https:\/\/www.brunnenbau-riedel.de\/index.php?rest_route=\/wp\/v2\/pages\/45\/revisions"}],"predecessor-version":[{"id":167,"href":"https:\/\/www.brunnenbau-riedel.de\/index.php?rest_route=\/wp\/v2\/pages\/45\/revisions\/167"}],"wp:attachment":[{"href":"https:\/\/www.brunnenbau-riedel.de\/index.php?rest_route=%2Fwp%2Fv2%2Fmedia&parent=45"}],"curies":[{"name":"wp","href":"https:\/\/api.w.org\/{rel}","templated":true}]}}